{"id":472,"date":"2021-08-02T20:46:37","date_gmt":"2021-08-02T20:46:37","guid":{"rendered":"http:\/\/maisonegide.flywheelsites.com\/levee-de-fond\/"},"modified":"2023-10-16T19:53:12","modified_gmt":"2023-10-16T23:53:12","slug":"fundraiser","status":"publish","type":"page","link":"https:\/\/maisonlegide.org\/en\/fundraiser\/","title":{"rendered":"Fundraiser"},"content":{"rendered":"<div class=\"p-4\">\n<h2 class=\"script\">Fundraising dinner<\/h2>\n<p>L\u2019\u00c9gide is pleased to invite you to its 13th edition fundraising dinner. All the proceeds from this event will continue to help maintain the quality services given to the women and their children who are survivors of domestic violence. In addition, through its awareness tool \u00abProjet XOX\u00bb, L\u2019\u00c9gide can educate and better equip adolescents in the high schools of the region against dating and social violence.<\/p>\n<p><img loading=\"lazy\" decoding=\"async\" src=\"https:\/\/maisonlegide.org\/wp-content\/uploads\/2023\/10\/affiche-souper-2023-ang-Site-web-622x1024.png\" alt=\"\" width=\"622\" height=\"1024\" class=\"alignnone size-large wp-image-1022\" srcset=\"https:\/\/maisonlegide.org\/wp-content\/uploads\/2023\/10\/affiche-souper-2023-ang-Site-web-622x1024.png 622w, https:\/\/maisonlegide.org\/wp-content\/uploads\/2023\/10\/affiche-souper-2023-ang-Site-web-182x300.png 182w, https:\/\/maisonlegide.org\/wp-content\/uploads\/2023\/10\/affiche-souper-2023-ang-Site-web-768x1265.png 768w, https:\/\/maisonlegide.org\/wp-content\/uploads\/2023\/10\/affiche-souper-2023-ang-Site-web-932x1536.png 932w, https:\/\/maisonlegide.org\/wp-content\/uploads\/2023\/10\/affiche-souper-2023-ang-Site-web.png 1214w\" sizes=\"auto, (max-width: 622px) 100vw, 622px\" \/><\/p>\n<\/div>\n<h2 class=\"script\">Fund raising acknowledgements<\/h2>\n<p>La Maison d\u2019h\u00e9bergement L\u2019\u00c9gide would like to take this opportunity to express to all its partners and donors the importance of your support throughout the year. It is thanks to your efforts that we can achieve our objectives. Whatever event or project you are involved in, your support is essential for carrying out the activities for the women and their children living with us.<\/p>\n","protected":false},"excerpt":{"rendered":"<p>Fundraising dinner L\u2019\u00c9gide is pleased to invite you to its 13th edition fundraising dinner. All the proceeds from this event will continue to help maintain the quality services given to the women and their children who are survivors of domestic violence. In addition, through its awareness tool \u00abProjet XOX\u00bb, L\u2019\u00c9gide can educate and better equip [&hellip;]<\/p>\n","protected":false},"author":1,"featured_media":398,"parent":0,"menu_order":0,"comment_status":"closed","ping_status":"open","template":"template-levee-fond.php","meta":{"_acf_changed":false,"inline_featured_image":false,"footnotes":""},"class_list":["post-472","page","type-page","status-publish","has-post-thumbnail","hentry"],"acf":[],"yoast_head":"<!-- This site is optimized with the Yoast SEO plugin v27.4 - https:\/\/yoast.com\/product\/yoast-seo-wordpress\/ -->\n<title>Fundraiser - La Maison d&#039;h\u00e9bergement L&#039;\u00c9gide<\/title>\n<meta name=\"description\" content=\"Votre appui est essentiel pour la r\u00e9alisation des activit\u00e9s aupr\u00e8s des femmes et enfants h\u00e9berg\u00e9s chez nous.\" \/>\n<meta name=\"robots\" content=\"index, follow, max-snippet:-1, max-image-preview:large, max-video-preview:-1\" \/>\n<link rel=\"canonical\" href=\"https:\/\/maisonlegide.org\/en\/fundraiser\/\" \/>\n<meta property=\"og:locale\" content=\"en_US\" \/>\n<meta property=\"og:type\" content=\"article\" \/>\n<meta property=\"og:title\" content=\"Fundraiser - La Maison d&#039;h\u00e9bergement L&#039;\u00c9gide\" \/>\n<meta property=\"og:description\" content=\"Votre appui est essentiel pour la r\u00e9alisation des activit\u00e9s aupr\u00e8s des femmes et enfants h\u00e9berg\u00e9s chez nous.\" \/>\n<meta property=\"og:url\" content=\"https:\/\/maisonlegide.org\/en\/fundraiser\/\" \/>\n<meta property=\"og:site_name\" content=\"La Maison d&#039;h\u00e9bergement L&#039;\u00c9gide\" \/>\n<meta property=\"article:modified_time\" content=\"2023-10-16T23:53:12+00:00\" \/>\n<meta property=\"og:image\" content=\"https:\/\/maisonlegide.org\/wp-content\/uploads\/2021\/10\/MaisonLEgide_header_lotus3_mauve2.jpg\" \/>\n\t<meta property=\"og:image:width\" content=\"1800\" \/>\n\t<meta property=\"og:image:height\" content=\"1013\" \/>\n\t<meta property=\"og:image:type\" content=\"image\/jpeg\" \/>\n<meta name=\"twitter:card\" content=\"summary_large_image\" \/>\n<meta name=\"twitter:label1\" content=\"Est. reading time\" \/>\n\t<meta name=\"twitter:data1\" content=\"1 minute\" \/>\n<script type=\"application\/ld+json\" class=\"yoast-schema-graph\">{\"@context\":\"https:\\\/\\\/schema.org\",\"@graph\":[{\"@type\":\"WebPage\",\"@id\":\"https:\\\/\\\/maisonlegide.org\\\/en\\\/fundraiser\\\/\",\"url\":\"https:\\\/\\\/maisonlegide.org\\\/en\\\/fundraiser\\\/\",\"name\":\"Fundraiser - La Maison d&#039;h\u00e9bergement L&#039;\u00c9gide\",\"isPartOf\":{\"@id\":\"https:\\\/\\\/maisonlegide.org\\\/#website\"},\"primaryImageOfPage\":{\"@id\":\"https:\\\/\\\/maisonlegide.org\\\/en\\\/fundraiser\\\/#primaryimage\"},\"image\":{\"@id\":\"https:\\\/\\\/maisonlegide.org\\\/en\\\/fundraiser\\\/#primaryimage\"},\"thumbnailUrl\":\"https:\\\/\\\/maisonlegide.org\\\/wp-content\\\/uploads\\\/2021\\\/10\\\/MaisonLEgide_header_lotus3_mauve2.jpg\",\"datePublished\":\"2021-08-02T20:46:37+00:00\",\"dateModified\":\"2023-10-16T23:53:12+00:00\",\"description\":\"Votre appui est essentiel pour la r\u00e9alisation des activit\u00e9s aupr\u00e8s des femmes et enfants h\u00e9berg\u00e9s chez nous.\",\"breadcrumb\":{\"@id\":\"https:\\\/\\\/maisonlegide.org\\\/en\\\/fundraiser\\\/#breadcrumb\"},\"inLanguage\":\"en-US\",\"potentialAction\":[{\"@type\":\"ReadAction\",\"target\":[\"https:\\\/\\\/maisonlegide.org\\\/en\\\/fundraiser\\\/\"]}]},{\"@type\":\"ImageObject\",\"inLanguage\":\"en-US\",\"@id\":\"https:\\\/\\\/maisonlegide.org\\\/en\\\/fundraiser\\\/#primaryimage\",\"url\":\"https:\\\/\\\/maisonlegide.org\\\/wp-content\\\/uploads\\\/2021\\\/10\\\/MaisonLEgide_header_lotus3_mauve2.jpg\",\"contentUrl\":\"https:\\\/\\\/maisonlegide.org\\\/wp-content\\\/uploads\\\/2021\\\/10\\\/MaisonLEgide_header_lotus3_mauve2.jpg\",\"width\":1800,\"height\":1013},{\"@type\":\"BreadcrumbList\",\"@id\":\"https:\\\/\\\/maisonlegide.org\\\/en\\\/fundraiser\\\/#breadcrumb\",\"itemListElement\":[{\"@type\":\"ListItem\",\"position\":1,\"name\":\"Accueil\",\"item\":\"https:\\\/\\\/maisonlegide.org\\\/en\\\/\"},{\"@type\":\"ListItem\",\"position\":2,\"name\":\"Fundraiser\"}]},{\"@type\":\"WebSite\",\"@id\":\"https:\\\/\\\/maisonlegide.org\\\/#website\",\"url\":\"https:\\\/\\\/maisonlegide.org\\\/\",\"name\":\"La Maison d&#039;h\u00e9bergement L&#039;\u00c9gide\",\"description\":\"\",\"potentialAction\":[{\"@type\":\"SearchAction\",\"target\":{\"@type\":\"EntryPoint\",\"urlTemplate\":\"https:\\\/\\\/maisonlegide.org\\\/?s={search_term_string}\"},\"query-input\":{\"@type\":\"PropertyValueSpecification\",\"valueRequired\":true,\"valueName\":\"search_term_string\"}}],\"inLanguage\":\"en-US\"}]}<\/script>\n<!-- \/ Yoast SEO plugin. -->","yoast_head_json":{"title":"Fundraiser - La Maison d&#039;h\u00e9bergement L&#039;\u00c9gide","description":"Votre appui est essentiel pour la r\u00e9alisation des activit\u00e9s aupr\u00e8s des femmes et enfants h\u00e9berg\u00e9s chez nous.","robots":{"index":"index","follow":"follow","max-snippet":"max-snippet:-1","max-image-preview":"max-image-preview:large","max-video-preview":"max-video-preview:-1"},"canonical":"https:\/\/maisonlegide.org\/en\/fundraiser\/","og_locale":"en_US","og_type":"article","og_title":"Fundraiser - La Maison d&#039;h\u00e9bergement L&#039;\u00c9gide","og_description":"Votre appui est essentiel pour la r\u00e9alisation des activit\u00e9s aupr\u00e8s des femmes et enfants h\u00e9berg\u00e9s chez nous.","og_url":"https:\/\/maisonlegide.org\/en\/fundraiser\/","og_site_name":"La Maison d&#039;h\u00e9bergement L&#039;\u00c9gide","article_modified_time":"2023-10-16T23:53:12+00:00","og_image":[{"width":1800,"height":1013,"url":"https:\/\/maisonlegide.org\/wp-content\/uploads\/2021\/10\/MaisonLEgide_header_lotus3_mauve2.jpg","type":"image\/jpeg"}],"twitter_card":"summary_large_image","twitter_misc":{"Est. reading time":"1 minute"},"schema":{"@context":"https:\/\/schema.org","@graph":[{"@type":"WebPage","@id":"https:\/\/maisonlegide.org\/en\/fundraiser\/","url":"https:\/\/maisonlegide.org\/en\/fundraiser\/","name":"Fundraiser - La Maison d&#039;h\u00e9bergement L&#039;\u00c9gide","isPartOf":{"@id":"https:\/\/maisonlegide.org\/#website"},"primaryImageOfPage":{"@id":"https:\/\/maisonlegide.org\/en\/fundraiser\/#primaryimage"},"image":{"@id":"https:\/\/maisonlegide.org\/en\/fundraiser\/#primaryimage"},"thumbnailUrl":"https:\/\/maisonlegide.org\/wp-content\/uploads\/2021\/10\/MaisonLEgide_header_lotus3_mauve2.jpg","datePublished":"2021-08-02T20:46:37+00:00","dateModified":"2023-10-16T23:53:12+00:00","description":"Votre appui est essentiel pour la r\u00e9alisation des activit\u00e9s aupr\u00e8s des femmes et enfants h\u00e9berg\u00e9s chez nous.","breadcrumb":{"@id":"https:\/\/maisonlegide.org\/en\/fundraiser\/#breadcrumb"},"inLanguage":"en-US","potentialAction":[{"@type":"ReadAction","target":["https:\/\/maisonlegide.org\/en\/fundraiser\/"]}]},{"@type":"ImageObject","inLanguage":"en-US","@id":"https:\/\/maisonlegide.org\/en\/fundraiser\/#primaryimage","url":"https:\/\/maisonlegide.org\/wp-content\/uploads\/2021\/10\/MaisonLEgide_header_lotus3_mauve2.jpg","contentUrl":"https:\/\/maisonlegide.org\/wp-content\/uploads\/2021\/10\/MaisonLEgide_header_lotus3_mauve2.jpg","width":1800,"height":1013},{"@type":"BreadcrumbList","@id":"https:\/\/maisonlegide.org\/en\/fundraiser\/#breadcrumb","itemListElement":[{"@type":"ListItem","position":1,"name":"Accueil","item":"https:\/\/maisonlegide.org\/en\/"},{"@type":"ListItem","position":2,"name":"Fundraiser"}]},{"@type":"WebSite","@id":"https:\/\/maisonlegide.org\/#website","url":"https:\/\/maisonlegide.org\/","name":"La Maison d&#039;h\u00e9bergement L&#039;\u00c9gide","description":"","potentialAction":[{"@type":"SearchAction","target":{"@type":"EntryPoint","urlTemplate":"https:\/\/maisonlegide.org\/?s={search_term_string}"},"query-input":{"@type":"PropertyValueSpecification","valueRequired":true,"valueName":"search_term_string"}}],"inLanguage":"en-US"}]}},"_links":{"self":[{"href":"https:\/\/maisonlegide.org\/en\/wp-json\/wp\/v2\/pages\/472","targetHints":{"allow":["GET"]}}],"collection":[{"href":"https:\/\/maisonlegide.org\/en\/wp-json\/wp\/v2\/pages"}],"about":[{"href":"https:\/\/maisonlegide.org\/en\/wp-json\/wp\/v2\/types\/page"}],"author":[{"embeddable":true,"href":"https:\/\/maisonlegide.org\/en\/wp-json\/wp\/v2\/users\/1"}],"replies":[{"embeddable":true,"href":"https:\/\/maisonlegide.org\/en\/wp-json\/wp\/v2\/comments?post=472"}],"version-history":[{"count":0,"href":"https:\/\/maisonlegide.org\/en\/wp-json\/wp\/v2\/pages\/472\/revisions"}],"wp:featuredmedia":[{"embeddable":true,"href":"https:\/\/maisonlegide.org\/en\/wp-json\/wp\/v2\/media\/398"}],"wp:attachment":[{"href":"https:\/\/maisonlegide.org\/en\/wp-json\/wp\/v2\/media?parent=472"}],"curies":[{"name":"wp","href":"https:\/\/api.w.org\/{rel}","templated":true}]}}