{"id":497,"date":"2021-08-02T17:14:06","date_gmt":"2021-08-02T21:14:06","guid":{"rendered":"http:\/\/maisonegide.flywheelsites.com\/home\/"},"modified":"2025-11-10T14:32:19","modified_gmt":"2025-11-10T19:32:19","slug":"home","status":"publish","type":"page","link":"https:\/\/maisonlegide.org\/en\/","title":{"rendered":"Home"},"content":{"rendered":"","protected":false},"excerpt":{"rendered":"","protected":false},"author":1,"featured_media":390,"parent":0,"menu_order":0,"comment_status":"closed","ping_status":"closed","template":"template-homepage.php","meta":{"_acf_changed":false,"inline_featured_image":false,"footnotes":""},"class_list":["post-497","page","type-page","status-publish","has-post-thumbnail","hentry"],"acf":[],"yoast_head":"<!-- This site is optimized with the Yoast SEO plugin v27.3 - https:\/\/yoast.com\/product\/yoast-seo-wordpress\/ -->\n<title>Accueil | La Maison d&#039;h\u00e9bergement L&#039;\u00c9gide, 2e \u00e9tape<\/title>\n<meta name=\"description\" content=\"Nous accompagnons les femmes et les enfants survivants de la violence conjugale afin qu\u2019ils reprennent du pouvoir sur leur vie, et de renouer avec leur individualit\u00e9.\" \/>\n<meta name=\"robots\" content=\"index, follow, max-snippet:-1, max-image-preview:large, max-video-preview:-1\" \/>\n<link rel=\"canonical\" href=\"https:\/\/maisonlegide.org\/en\/\" \/>\n<meta property=\"og:locale\" content=\"en_US\" \/>\n<meta property=\"og:type\" content=\"article\" \/>\n<meta property=\"og:title\" content=\"Accueil | La Maison d&#039;h\u00e9bergement L&#039;\u00c9gide, 2e \u00e9tape\" \/>\n<meta property=\"og:description\" content=\"Nous accompagnons les femmes et les enfants survivants de la violence conjugale afin qu\u2019ils reprennent du pouvoir sur leur vie, et de renouer avec leur individualit\u00e9.\" \/>\n<meta property=\"og:url\" content=\"https:\/\/maisonlegide.org\/en\/\" \/>\n<meta property=\"og:site_name\" content=\"La Maison d&#039;h\u00e9bergement L&#039;\u00c9gide\" \/>\n<meta property=\"article:modified_time\" content=\"2025-11-10T19:32:19+00:00\" \/>\n<meta property=\"og:image\" content=\"https:\/\/maisonlegide.org\/wp-content\/uploads\/2021\/10\/MaisonLEgide_header_quai_mauve2.jpg\" \/>\n\t<meta property=\"og:image:width\" content=\"1800\" \/>\n\t<meta property=\"og:image:height\" content=\"1013\" \/>\n\t<meta property=\"og:image:type\" content=\"image\/jpeg\" \/>\n<meta name=\"twitter:card\" content=\"summary_large_image\" \/>\n<meta name=\"twitter:label1\" content=\"Est. reading time\" \/>\n\t<meta name=\"twitter:data1\" content=\"1 minute\" \/>\n<script type=\"application\/ld+json\" class=\"yoast-schema-graph\">{\"@context\":\"https:\\\/\\\/schema.org\",\"@graph\":[{\"@type\":\"WebPage\",\"@id\":\"https:\\\/\\\/maisonlegide.org\\\/en\\\/\",\"url\":\"https:\\\/\\\/maisonlegide.org\\\/en\\\/\",\"name\":\"Accueil | La Maison d'h\u00e9bergement L'\u00c9gide, 2e \u00e9tape\",\"isPartOf\":{\"@id\":\"https:\\\/\\\/maisonlegide.org\\\/#website\"},\"primaryImageOfPage\":{\"@id\":\"https:\\\/\\\/maisonlegide.org\\\/en\\\/#primaryimage\"},\"image\":{\"@id\":\"https:\\\/\\\/maisonlegide.org\\\/en\\\/#primaryimage\"},\"thumbnailUrl\":\"https:\\\/\\\/maisonlegide.org\\\/wp-content\\\/uploads\\\/2021\\\/10\\\/MaisonLEgide_header_quai_mauve2.jpg\",\"datePublished\":\"2021-08-02T21:14:06+00:00\",\"dateModified\":\"2025-11-10T19:32:19+00:00\",\"description\":\"Nous accompagnons les femmes et les enfants survivants de la violence conjugale afin qu\u2019ils reprennent du pouvoir sur leur vie, et de renouer avec leur individualit\u00e9.\",\"breadcrumb\":{\"@id\":\"https:\\\/\\\/maisonlegide.org\\\/en\\\/#breadcrumb\"},\"inLanguage\":\"en-US\",\"potentialAction\":[{\"@type\":\"ReadAction\",\"target\":[\"https:\\\/\\\/maisonlegide.org\\\/en\\\/\"]}]},{\"@type\":\"ImageObject\",\"inLanguage\":\"en-US\",\"@id\":\"https:\\\/\\\/maisonlegide.org\\\/en\\\/#primaryimage\",\"url\":\"https:\\\/\\\/maisonlegide.org\\\/wp-content\\\/uploads\\\/2021\\\/10\\\/MaisonLEgide_header_quai_mauve2.jpg\",\"contentUrl\":\"https:\\\/\\\/maisonlegide.org\\\/wp-content\\\/uploads\\\/2021\\\/10\\\/MaisonLEgide_header_quai_mauve2.jpg\",\"width\":1800,\"height\":1013},{\"@type\":\"BreadcrumbList\",\"@id\":\"https:\\\/\\\/maisonlegide.org\\\/en\\\/#breadcrumb\",\"itemListElement\":[{\"@type\":\"ListItem\",\"position\":1,\"name\":\"Accueil\",\"item\":\"https:\\\/\\\/maisonlegide.org\\\/en\\\/\"},{\"@type\":\"ListItem\",\"position\":2,\"name\":\"Home\"}]},{\"@type\":\"WebSite\",\"@id\":\"https:\\\/\\\/maisonlegide.org\\\/#website\",\"url\":\"https:\\\/\\\/maisonlegide.org\\\/\",\"name\":\"La Maison d&#039;h\u00e9bergement L&#039;\u00c9gide\",\"description\":\"\",\"potentialAction\":[{\"@type\":\"SearchAction\",\"target\":{\"@type\":\"EntryPoint\",\"urlTemplate\":\"https:\\\/\\\/maisonlegide.org\\\/?s={search_term_string}\"},\"query-input\":{\"@type\":\"PropertyValueSpecification\",\"valueRequired\":true,\"valueName\":\"search_term_string\"}}],\"inLanguage\":\"en-US\"}]}<\/script>\n<!-- \/ Yoast SEO plugin. -->","yoast_head_json":{"title":"Accueil | La Maison d'h\u00e9bergement L'\u00c9gide, 2e \u00e9tape","description":"Nous accompagnons les femmes et les enfants survivants de la violence conjugale afin qu\u2019ils reprennent du pouvoir sur leur vie, et de renouer avec leur individualit\u00e9.","robots":{"index":"index","follow":"follow","max-snippet":"max-snippet:-1","max-image-preview":"max-image-preview:large","max-video-preview":"max-video-preview:-1"},"canonical":"https:\/\/maisonlegide.org\/en\/","og_locale":"en_US","og_type":"article","og_title":"Accueil | La Maison d'h\u00e9bergement L'\u00c9gide, 2e \u00e9tape","og_description":"Nous accompagnons les femmes et les enfants survivants de la violence conjugale afin qu\u2019ils reprennent du pouvoir sur leur vie, et de renouer avec leur individualit\u00e9.","og_url":"https:\/\/maisonlegide.org\/en\/","og_site_name":"La Maison d&#039;h\u00e9bergement L&#039;\u00c9gide","article_modified_time":"2025-11-10T19:32:19+00:00","og_image":[{"width":1800,"height":1013,"url":"https:\/\/maisonlegide.org\/wp-content\/uploads\/2021\/10\/MaisonLEgide_header_quai_mauve2.jpg","type":"image\/jpeg"}],"twitter_card":"summary_large_image","twitter_misc":{"Est. reading time":"1 minute"},"schema":{"@context":"https:\/\/schema.org","@graph":[{"@type":"WebPage","@id":"https:\/\/maisonlegide.org\/en\/","url":"https:\/\/maisonlegide.org\/en\/","name":"Accueil | La Maison d'h\u00e9bergement L'\u00c9gide, 2e \u00e9tape","isPartOf":{"@id":"https:\/\/maisonlegide.org\/#website"},"primaryImageOfPage":{"@id":"https:\/\/maisonlegide.org\/en\/#primaryimage"},"image":{"@id":"https:\/\/maisonlegide.org\/en\/#primaryimage"},"thumbnailUrl":"https:\/\/maisonlegide.org\/wp-content\/uploads\/2021\/10\/MaisonLEgide_header_quai_mauve2.jpg","datePublished":"2021-08-02T21:14:06+00:00","dateModified":"2025-11-10T19:32:19+00:00","description":"Nous accompagnons les femmes et les enfants survivants de la violence conjugale afin qu\u2019ils reprennent du pouvoir sur leur vie, et de renouer avec leur individualit\u00e9.","breadcrumb":{"@id":"https:\/\/maisonlegide.org\/en\/#breadcrumb"},"inLanguage":"en-US","potentialAction":[{"@type":"ReadAction","target":["https:\/\/maisonlegide.org\/en\/"]}]},{"@type":"ImageObject","inLanguage":"en-US","@id":"https:\/\/maisonlegide.org\/en\/#primaryimage","url":"https:\/\/maisonlegide.org\/wp-content\/uploads\/2021\/10\/MaisonLEgide_header_quai_mauve2.jpg","contentUrl":"https:\/\/maisonlegide.org\/wp-content\/uploads\/2021\/10\/MaisonLEgide_header_quai_mauve2.jpg","width":1800,"height":1013},{"@type":"BreadcrumbList","@id":"https:\/\/maisonlegide.org\/en\/#breadcrumb","itemListElement":[{"@type":"ListItem","position":1,"name":"Accueil","item":"https:\/\/maisonlegide.org\/en\/"},{"@type":"ListItem","position":2,"name":"Home"}]},{"@type":"WebSite","@id":"https:\/\/maisonlegide.org\/#website","url":"https:\/\/maisonlegide.org\/","name":"La Maison d&#039;h\u00e9bergement L&#039;\u00c9gide","description":"","potentialAction":[{"@type":"SearchAction","target":{"@type":"EntryPoint","urlTemplate":"https:\/\/maisonlegide.org\/?s={search_term_string}"},"query-input":{"@type":"PropertyValueSpecification","valueRequired":true,"valueName":"search_term_string"}}],"inLanguage":"en-US"}]}},"_links":{"self":[{"href":"https:\/\/maisonlegide.org\/en\/wp-json\/wp\/v2\/pages\/497","targetHints":{"allow":["GET"]}}],"collection":[{"href":"https:\/\/maisonlegide.org\/en\/wp-json\/wp\/v2\/pages"}],"about":[{"href":"https:\/\/maisonlegide.org\/en\/wp-json\/wp\/v2\/types\/page"}],"author":[{"embeddable":true,"href":"https:\/\/maisonlegide.org\/en\/wp-json\/wp\/v2\/users\/1"}],"replies":[{"embeddable":true,"href":"https:\/\/maisonlegide.org\/en\/wp-json\/wp\/v2\/comments?post=497"}],"version-history":[{"count":0,"href":"https:\/\/maisonlegide.org\/en\/wp-json\/wp\/v2\/pages\/497\/revisions"}],"wp:featuredmedia":[{"embeddable":true,"href":"https:\/\/maisonlegide.org\/en\/wp-json\/wp\/v2\/media\/390"}],"wp:attachment":[{"href":"https:\/\/maisonlegide.org\/en\/wp-json\/wp\/v2\/media?parent=497"}],"curies":[{"name":"wp","href":"https:\/\/api.w.org\/{rel}","templated":true}]}}